{"id":58,"date":"2021-03-26T22:13:31","date_gmt":"2021-03-26T21:13:31","guid":{"rendered":"https:\/\/www.thepant.cz\/?page_id=58"},"modified":"2026-04-05T07:45:58","modified_gmt":"2026-04-05T05:45:58","slug":"koncerty","status":"publish","type":"page","link":"https:\/\/www.thepant.cz\/index.php\/koncerty\/","title":{"rendered":"Koncerty"},"content":{"rendered":"\n<p><strong>2026<\/strong><\/p>\n\n\n\n<p>13.6. B\u0159idli\u010dn\u00e1 &#8211; dny m\u011bsta<\/p>\n\n\n\n<p>18.7. Vizovice &#8211; MOR<\/p>\n\n\n\n<p>18.9. Krnov &#8211; KMC<\/p>\n\n\n\n<p>28.11. Ostrava &#8211; Barr\u00e1k<\/p>\n\n\n\n<p><strong>2025<\/strong><\/p>\n\n\n\n<p>26.4. Jablunkov &#8211; Rock cafe Southrock <\/p>\n\n\n\n<p>31.5. Orlov\u00e1 &#8211; Rock Therapy<\/p>\n\n\n\n<p>7.6. Hostim &#8211; Rock fest<\/p>\n\n\n\n<p>20.6. Horn\u00ed Bene\u0161ov &#8211; m\u011bstsk\u00e9 slavnosti<\/p>\n\n\n\n<p>18.7. Konopnica &#8211; moto PL <\/p>\n\n\n\n<p>19.7. Kobe\u0159ice u Brna &#8211; Rock fest<\/p>\n\n\n\n<p>15.8. Brunt\u00e1l &#8211; Letnice Rock fest<\/p>\n\n\n\n<p>8.11. Vy\u0161kov<\/p>\n\n\n\n<p>6.12. Ni\u017en\u00e1 SK <\/p>\n\n\n\n<p><strong>2024<\/strong><\/p>\n\n\n\n<p>29.3. Krnov &#8211; KMC <\/p>\n\n\n\n<p>11.5. Brunt\u00e1l &#8211; motosraz<\/p>\n\n\n\n<p>18.5. Odrlice &#8211; motosraz<\/p>\n\n\n\n<p>8.6. B\u0159idli\u010dn\u00e1 &#8211; m\u011bstsk\u00e9 slavnosti<\/p>\n\n\n\n<p>14.6. Brunt\u00e1l &#8211; m\u011bstsk\u00e9 slavnosti<\/p>\n\n\n\n<p>12.7. Vizovice &#8211; MOR<\/p>\n\n\n\n<p>16.8. Brunt\u00e1l &#8211; Letnice fest<\/p>\n\n\n\n<p>23.8. Karvin\u00e1- Karvin\u00e1 Rocks<\/p>\n\n\n\n<p>20.9. Olomouc- Bounty Rock Cafe<\/p>\n\n\n\n<p>29.11. Uhersk\u00e9 Hradi\u0161t\u011b &#8211; klub M\u00edr<\/p>\n\n\n\n<p><\/p>\n\n\n\n<p><strong>2023<\/strong><\/p>\n\n\n\n<p>11.2. Klanovice &#8211; Praha &#8211; Kluboofka Fest &#8211; Black Pes<\/p>\n\n\n\n<p>25.2. Daskab\u00e1t &#8211; Jack`s Cowhouse<\/p>\n\n\n\n<p>15.4. Vrbno pod Prad\u011bdem &#8211; Panorama<\/p>\n\n\n\n<p>6.5. Brunt\u00e1l &#8211; Motosraz<\/p>\n\n\n\n<p>20.5. Jablunkov &#8211; Rock cafe Southrock <\/p>\n\n\n\n<p>24.6. Javorn\u00edk &#8211; Fest<\/p>\n\n\n\n<p>15.7. Myszkow PL &#8211; Motosraz<\/p>\n\n\n\n<p>18.8. Brunt\u00e1l &#8211; Letnice fest<\/p>\n\n\n\n<p>26.8. Vrbno pod Prad\u011bdem &#8211; Hasi\u010di<\/p>\n\n\n\n<p>2.9. Hanu\u0161ovice &#8211; pivn\u00ed slavnosti<\/p>\n\n\n\n<p>16.9. Nemilany<\/p>\n\n\n\n<p><\/p>\n\n\n\n<p><\/p>\n\n\n\n<p><\/p>\n\n\n\n<p><\/p>\n\n\n\n<p><\/p>\n\n\n\n<p><\/p>\n\n\n\n<p><\/p>\n\n\n\n<p><\/p>\n\n\n\n<p><\/p>\n\n\n\n<p><strong>2022<\/strong> <\/p>\n\n\n\n<p>25.3. Olomouc &#8211; Bounty Rock Cafe &#8211; zru\u0161eno<\/p>\n\n\n\n<p>16.4. Brno &#8211; M13 club<\/p>\n\n\n\n<p>29.4. Otrokovice  <\/p>\n\n\n\n<p>7.5. Brunt\u00e1l &#8211; v\u00edt\u00e1n\u00ed jara &#8211; motosraz<\/p>\n\n\n\n<p>28.5. Brunt\u00e1l &#8211; motok\u00e1ry (soukrom\u00e1 akce) <\/p>\n\n\n\n<p>13.8. Z\u0105bkowice \u015al\u0105skie _Polsko<\/p>\n\n\n\n<p>7.10. Olomouc &#8211; Bounty Rock Cafe <\/p>\n\n\n\n<p>11.11. Krnov &#8211; Kofola Music Club <\/p>\n\n\n\n<p>25.12. R\u00fdma\u0159ov &#8211; Bigbeatov\u00e9 v\u00e1noce &#8211; fest<\/p>\n\n\n\n<p><\/p>\n\n\n\n<p><\/p>\n\n\n\n<p><\/p>\n\n\n\n<p><\/p>\n\n\n\n<p><strong>2021<\/strong><\/p>\n\n\n\n<p>2.7. R\u00fd\u017eovi\u0161t\u011b &#8211; Rock Pivo Fest<\/p>\n\n\n\n<p>10.7. Lan\u0161kroun &#8211; Apollo music Club + HeadLock<\/p>\n\n\n\n<p>6.8. Rapot\u00edn &#8211; Rot Kart FEST<\/p>\n\n\n\n<p>14.8. Brunt\u00e1l &#8211; Letnice Rock Fest<\/p>\n\n\n\n<p>18.9. Ostrava &#8211; Sorfest<\/p>\n\n\n\n<p>25.9. Krnov &#8211; Kofola Music Club + Porta Inferi <\/p>\n\n\n\n<p><\/p>\n\n\n\n<p><strong>2020<\/strong><\/p>\n\n\n\n<p>4.7. Krnov &#8211; Kofola Music Club + Black Tiger<\/p>\n\n\n\n<p>24.6. Krnov &#8211; Monster Meeting + Traktor, Dymytry<\/p>\n\n\n\n<p>12.9. Martin (SK) &#8211; Yafura Fest&nbsp;<\/p>\n\n\n\n<p><\/p>\n\n\n\n<p>2019<\/p>\n\n\n\n<p>10.3. Brunt\u00e1l &#8211; Africa Pub + Eufory (SK)<\/p>\n\n\n\n<p>14.4. Krnov &#8211; Kofola Music Club + Salamandra<\/p>\n\n\n\n<p> 5.5. Brunt\u00e1l &#8211; Motosraz <\/p>\n\n\n\n<p> 12.5. \u010cel\u00e1kovice<\/p>\n\n\n\n<p> 19.5. Fr\u00fddek M\u00edstek &#8211; Motosraz  (p\u0159ehrada Ole\u0161n\u00e1)<\/p>\n\n\n\n<p> 19.5. B\u0159idli\u010dn\u00e1<\/p>\n\n\n\n<p> 20.5. Olomouc &#8211; Korunn\u00ed pevn\u016fstka<\/p>\n\n\n\n<p> 25.5. Byczyna (PL) &#8211; Motosraz<\/p>\n\n\n\n<p>26.5 Malacky (SK) Orgazma Rockfest<\/p>\n\n\n\n<p> 9.6. Mezina &#8211; Rockov\u00e1 Venu\u0161e fest<\/p>\n\n\n\n<p> 15.6. Brunt\u00e1l &#8211; Dny m\u011bsta <\/p>\n\n\n\n<p>29.6 Inowroclaw (PL) &#8211; Motosraz<\/p>\n\n\n\n<p>14.7. Myszkow (PL) &#8211; Motosraz<\/p>\n\n\n\n<p>21.7. Konopnica (PL) &#8211; Motosraz<\/p>\n\n\n\n<p>21.7. Krnov &#8211; North-eastern open air<\/p>\n\n\n\n<p>25.8. S\u00e1dek &#8211; S\u00e1dekfest open air<\/p>\n\n\n\n<p>1.9. Jistebn\u00edk &#8211; Pidifest<\/p>\n\n\n\n<p>8.9. R\u00fdma\u0159ov <\/p>\n\n\n\n<p>15.9. Brunt\u00e1l &#8211; Letnice RockFest<\/p>\n\n\n\n<p>2.11. New Jersey (USA) Clash bar<\/p>\n\n\n\n<p>3.11. New York (USA) Lucky 13 Saloon<\/p>\n\n\n\n<p>25.12. R\u00fdma\u0159ov &#8211; Bigbeatov\u00e9 v\u00e1noce<\/p>\n\n\n\n<p>  <\/p>\n\n\n\n<p> <\/p>\n\n\n\n<p><\/p>\n","protected":false},"excerpt":{"rendered":"<p>2026 13.6. B\u0159idli\u010dn\u00e1 &#8211; dny m\u011bsta 18.7. Vizovice &#8211; MOR 18.9. Krnov &#8211; KMC 28.11. Ostrava &#8211; Barr\u00e1k 2025 26.4. Jablunkov &#8211; Rock cafe Southrock 31.5. Orlov\u00e1 &#8211; Rock Therapy&hellip;<a href=\"https:\/\/www.thepant.cz\/index.php\/koncerty\/\" class=\"more-link\"><span class=\"more-button\">Continue reading<span class=\"screen-reader-text\">Koncerty<\/span><\/span><\/a><\/p>\n","protected":false},"author":2,"featured_media":0,"parent":0,"menu_order":6,"comment_status":"closed","ping_status":"closed","template":"","meta":{"ngg_post_thumbnail":0},"_links":{"self":[{"href":"https:\/\/www.thepant.cz\/index.php\/wp-json\/wp\/v2\/pages\/58"}],"collection":[{"href":"https:\/\/www.thepant.cz\/index.php\/wp-json\/wp\/v2\/pages"}],"about":[{"href":"https:\/\/www.thepant.cz\/index.php\/wp-json\/wp\/v2\/types\/page"}],"author":[{"embeddable":true,"href":"https:\/\/www.thepant.cz\/index.php\/wp-json\/wp\/v2\/users\/2"}],"replies":[{"embeddable":true,"href":"https:\/\/www.thepant.cz\/index.php\/wp-json\/wp\/v2\/comments?post=58"}],"version-history":[{"count":38,"href":"https:\/\/www.thepant.cz\/index.php\/wp-json\/wp\/v2\/pages\/58\/revisions"}],"predecessor-version":[{"id":2520,"href":"https:\/\/www.thepant.cz\/index.php\/wp-json\/wp\/v2\/pages\/58\/revisions\/2520"}],"wp:attachment":[{"href":"https:\/\/www.thepant.cz\/index.php\/wp-json\/wp\/v2\/media?parent=58"}],"curies":[{"name":"wp","href":"https:\/\/api.w.org\/{rel}","templated":true}]}}